{"id":9,"date":"2018-02-14T09:36:26","date_gmt":"2018-02-14T09:36:26","guid":{"rendered":"http:\/\/dharma.hr\/eng\/?page_id=9"},"modified":"2019-07-06T23:35:01","modified_gmt":"2019-07-06T23:35:01","slug":"naslovnica","status":"publish","type":"page","link":"http:\/\/dharma.hr\/eng\/","title":{"rendered":""},"content":{"rendered":"","protected":false},"excerpt":{"rendered":"","protected":false},"author":2,"featured_media":0,"parent":0,"menu_order":0,"comment_status":"closed","ping_status":"closed","template":"","meta":{"footnotes":""},"class_list":["post-9","page","type-page","status-publish","hentry"],"acf":[],"yoast_head":"<!-- This site is optimized with the Yoast SEO plugin v25.6 - https:\/\/yoast.com\/wordpress\/plugins\/seo\/ -->\n<title>Dharma - Institut za ljepotu i zdravlje<\/title>\n<meta name=\"description\" content=\"Dharma Institut - brend s petnaestogodi\u0161njom tradicijom koji ide u korak modernog na\u010dina \u017eivota i prati trendove, te svojim klijentima omogu\u0107uje najbolju ponudu tretmana i vode\u0107ih aparata na tr\u017ei\u0161tu te izuzetno profesionalnu uslugu. Postignite sklad duha i tijela, omogu\u0107it \u0107emo vam da se osje\u0107ate zdravo,lijepo i sretno\" \/>\n<meta name=\"robots\" content=\"index, follow, max-snippet:-1, max-image-preview:large, max-video-preview:-1\" \/>\n<link rel=\"canonical\" href=\"https:\/\/dharma.hr\/eng\/\" \/>\n<meta property=\"og:locale\" content=\"hr_HR\" \/>\n<meta property=\"og:type\" content=\"article\" \/>\n<meta property=\"og:title\" content=\"Dharma - Institut za ljepotu i zdravlje\" \/>\n<meta property=\"og:description\" content=\"Dharma Institut - brend s petnaestogodi\u0161njom tradicijom koji ide u korak modernog na\u010dina \u017eivota i prati trendove, te svojim klijentima omogu\u0107uje najbolju ponudu tretmana i vode\u0107ih aparata na tr\u017ei\u0161tu te izuzetno profesionalnu uslugu. Postignite sklad duha i tijela, omogu\u0107it \u0107emo vam da se osje\u0107ate zdravo,lijepo i sretno\" \/>\n<meta property=\"og:url\" content=\"https:\/\/dharma.hr\/eng\/\" \/>\n<meta property=\"og:site_name\" content=\"Dharma\" \/>\n<meta property=\"article:modified_time\" content=\"2019-07-06T23:35:01+00:00\" \/>\n<meta name=\"twitter:card\" content=\"summary_large_image\" \/>\n<script type=\"application\/ld+json\" class=\"yoast-schema-graph\">{\"@context\":\"https:\/\/schema.org\",\"@graph\":[{\"@type\":\"WebPage\",\"@id\":\"https:\/\/dharma.hr\/eng\/\",\"url\":\"https:\/\/dharma.hr\/eng\/\",\"name\":\"Dharma - Institut za ljepotu i zdravlje\",\"isPartOf\":{\"@id\":\"https:\/\/dharma.hr\/eng\/#website\"},\"datePublished\":\"2018-02-14T09:36:26+00:00\",\"dateModified\":\"2019-07-06T23:35:01+00:00\",\"description\":\"Dharma Institut - brend s petnaestogodi\u0161njom tradicijom koji ide u korak modernog na\u010dina \u017eivota i prati trendove, te svojim klijentima omogu\u0107uje najbolju ponudu tretmana i vode\u0107ih aparata na tr\u017ei\u0161tu te izuzetno profesionalnu uslugu. Postignite sklad duha i tijela, omogu\u0107it \u0107emo vam da se osje\u0107ate zdravo,lijepo i sretno\",\"inLanguage\":\"hr\",\"potentialAction\":[{\"@type\":\"ReadAction\",\"target\":[\"https:\/\/dharma.hr\/eng\/\"]}]},{\"@type\":\"WebSite\",\"@id\":\"https:\/\/dharma.hr\/eng\/#website\",\"url\":\"https:\/\/dharma.hr\/eng\/\",\"name\":\"Dharma\",\"description\":\"\",\"potentialAction\":[{\"@type\":\"SearchAction\",\"target\":{\"@type\":\"EntryPoint\",\"urlTemplate\":\"https:\/\/dharma.hr\/eng\/?s={search_term_string}\"},\"query-input\":{\"@type\":\"PropertyValueSpecification\",\"valueRequired\":true,\"valueName\":\"search_term_string\"}}],\"inLanguage\":\"hr\"}]}<\/script>\n<!-- \/ Yoast SEO plugin. -->","yoast_head_json":{"title":"Dharma - Institut za ljepotu i zdravlje","description":"Dharma Institut - brend s petnaestogodi\u0161njom tradicijom koji ide u korak modernog na\u010dina \u017eivota i prati trendove, te svojim klijentima omogu\u0107uje najbolju ponudu tretmana i vode\u0107ih aparata na tr\u017ei\u0161tu te izuzetno profesionalnu uslugu. Postignite sklad duha i tijela, omogu\u0107it \u0107emo vam da se osje\u0107ate zdravo,lijepo i sretno","robots":{"index":"index","follow":"follow","max-snippet":"max-snippet:-1","max-image-preview":"max-image-preview:large","max-video-preview":"max-video-preview:-1"},"canonical":"https:\/\/dharma.hr\/eng\/","og_locale":"hr_HR","og_type":"article","og_title":"Dharma - Institut za ljepotu i zdravlje","og_description":"Dharma Institut - brend s petnaestogodi\u0161njom tradicijom koji ide u korak modernog na\u010dina \u017eivota i prati trendove, te svojim klijentima omogu\u0107uje najbolju ponudu tretmana i vode\u0107ih aparata na tr\u017ei\u0161tu te izuzetno profesionalnu uslugu. Postignite sklad duha i tijela, omogu\u0107it \u0107emo vam da se osje\u0107ate zdravo,lijepo i sretno","og_url":"https:\/\/dharma.hr\/eng\/","og_site_name":"Dharma","article_modified_time":"2019-07-06T23:35:01+00:00","twitter_card":"summary_large_image","schema":{"@context":"https:\/\/schema.org","@graph":[{"@type":"WebPage","@id":"https:\/\/dharma.hr\/eng\/","url":"https:\/\/dharma.hr\/eng\/","name":"Dharma - Institut za ljepotu i zdravlje","isPartOf":{"@id":"https:\/\/dharma.hr\/eng\/#website"},"datePublished":"2018-02-14T09:36:26+00:00","dateModified":"2019-07-06T23:35:01+00:00","description":"Dharma Institut - brend s petnaestogodi\u0161njom tradicijom koji ide u korak modernog na\u010dina \u017eivota i prati trendove, te svojim klijentima omogu\u0107uje najbolju ponudu tretmana i vode\u0107ih aparata na tr\u017ei\u0161tu te izuzetno profesionalnu uslugu. Postignite sklad duha i tijela, omogu\u0107it \u0107emo vam da se osje\u0107ate zdravo,lijepo i sretno","inLanguage":"hr","potentialAction":[{"@type":"ReadAction","target":["https:\/\/dharma.hr\/eng\/"]}]},{"@type":"WebSite","@id":"https:\/\/dharma.hr\/eng\/#website","url":"https:\/\/dharma.hr\/eng\/","name":"Dharma","description":"","potentialAction":[{"@type":"SearchAction","target":{"@type":"EntryPoint","urlTemplate":"https:\/\/dharma.hr\/eng\/?s={search_term_string}"},"query-input":{"@type":"PropertyValueSpecification","valueRequired":true,"valueName":"search_term_string"}}],"inLanguage":"hr"}]}},"_links":{"self":[{"href":"http:\/\/dharma.hr\/eng\/wp-json\/wp\/v2\/pages\/9"}],"collection":[{"href":"http:\/\/dharma.hr\/eng\/wp-json\/wp\/v2\/pages"}],"about":[{"href":"http:\/\/dharma.hr\/eng\/wp-json\/wp\/v2\/types\/page"}],"author":[{"embeddable":true,"href":"http:\/\/dharma.hr\/eng\/wp-json\/wp\/v2\/users\/2"}],"replies":[{"embeddable":true,"href":"http:\/\/dharma.hr\/eng\/wp-json\/wp\/v2\/comments?post=9"}],"version-history":[{"count":118,"href":"http:\/\/dharma.hr\/eng\/wp-json\/wp\/v2\/pages\/9\/revisions"}],"predecessor-version":[{"id":514,"href":"http:\/\/dharma.hr\/eng\/wp-json\/wp\/v2\/pages\/9\/revisions\/514"}],"wp:attachment":[{"href":"http:\/\/dharma.hr\/eng\/wp-json\/wp\/v2\/media?parent=9"}],"curies":[{"name":"wp","href":"https:\/\/api.w.org\/{rel}","templated":true}]}}